{"id":951,"date":"2016-11-23T12:46:58","date_gmt":"2016-11-23T11:46:58","guid":{"rendered":"http:\/\/opolgraf.com.pl\/?page_id=951&#038;lang=en"},"modified":"2024-02-23T14:58:32","modified_gmt":"2024-02-23T13:58:32","slug":"contact","status":"publish","type":"page","link":"https:\/\/opolgraf.com.pl\/en\/contact\/","title":{"rendered":"Contact"},"content":{"rendered":"<p>ul. Niedzia\u0142kowskiego 8-12<\/p>\n<p>45-085 Opole<\/p>\n<p>tel.: (48) 77 454-52-44 do 46<\/p>\n<p>&nbsp;<\/p>\n<p>NIP 754-24-38-239<\/p>\n<p>&nbsp;<\/p>\n<p>Account: BG\u017b oddzia\u0142 Regionalny Opole<\/p>\n<p>91 2030 0045 1110 0000 0056 5820<\/p>\n","protected":false},"excerpt":{"rendered":"<p>ul. Niedzia\u0142kowskiego 8-12 45-085 Opole tel.: (48) 77 454-52-44 do 46 &nbsp; NIP 754-24-38-239 &nbsp; Account: BG\u017b oddzia\u0142 Regionalny Opole 91 2030 0045 1110 0000 0056 5820<\/p>\n","protected":false},"author":5,"featured_media":0,"parent":0,"menu_order":0,"comment_status":"closed","ping_status":"closed","template":"contact.php","meta":{"footnotes":""},"class_list":["post-951","page","type-page","status-publish","hentry"],"acf":[],"_links":{"self":[{"href":"https:\/\/opolgraf.com.pl\/en\/wp-json\/wp\/v2\/pages\/951","targetHints":{"allow":["GET"]}}],"collection":[{"href":"https:\/\/opolgraf.com.pl\/en\/wp-json\/wp\/v2\/pages"}],"about":[{"href":"https:\/\/opolgraf.com.pl\/en\/wp-json\/wp\/v2\/types\/page"}],"author":[{"embeddable":true,"href":"https:\/\/opolgraf.com.pl\/en\/wp-json\/wp\/v2\/users\/5"}],"replies":[{"embeddable":true,"href":"https:\/\/opolgraf.com.pl\/en\/wp-json\/wp\/v2\/comments?post=951"}],"version-history":[{"count":4,"href":"https:\/\/opolgraf.com.pl\/en\/wp-json\/wp\/v2\/pages\/951\/revisions"}],"predecessor-version":[{"id":3120,"href":"https:\/\/opolgraf.com.pl\/en\/wp-json\/wp\/v2\/pages\/951\/revisions\/3120"}],"wp:attachment":[{"href":"https:\/\/opolgraf.com.pl\/en\/wp-json\/wp\/v2\/media?parent=951"}],"curies":[{"name":"wp","href":"https:\/\/api.w.org\/{rel}","templated":true}]}}